{"id":648,"date":"2019-07-05T21:17:01","date_gmt":"2019-07-05T21:17:01","guid":{"rendered":"https:\/\/magnanicpa.com\/?page_id=648"},"modified":"2019-07-06T00:08:47","modified_gmt":"2019-07-06T00:08:47","slug":"miami-cpa-for-italian-companies","status":"publish","type":"page","link":"https:\/\/magnanicpa.com\/it\/miami-cpa-for-italian-companies\/","title":{"rendered":"Miami CPA for Italian Companies"},"content":{"rendered":"<p>Quando Max Magnani si \u00e8 trasferito negli Stati Uniti nel 1997 per fondare la sede nordamericana di una grande azienda manifatturiera italiana, ha dovuto superare una serie di sfide culturali e commerciali che la maggior parte dei CPA americani sono semplicemente impreparati ad affrontare.<\/p>\n\n\n\n<p>\"Negli Stati Uniti, il CPA \u00e8 spesso solo la persona che fa la dichiarazione dei redditi\", spiega Magnani. \"In Italia, la CPA di solito \u00e8 la persona di fiducia dell'imprenditore e del management. \u00c8 la persona che si occupa di alcuni aspetti del business. \u00c8 molto pi\u00f9 importante come spettro dell'intera impresa - molto pi\u00f9 ampio che negli Stati Uniti\".<\/p>\n\n\n\n<p>Forte della sua esperienza pluriennale come CEO, CFO e controller, Massimo Magnani ha  avviato da molti anni quella che potrebbe essere la prima azienda CPA di Miami - la Magnani CPA - specializzata nelle esigenze delle aziende e degli investitori italiani che cosi' possono beneficiare dell'esperienza di Massimo Magnani in Italia e negli Stati Uniti.<\/p>\n\n\n\n<p>\"Quando un imprenditore viene qui e ha bisogno di aprire una nuova filiale o un'attivit\u00e0 commerciale, ci sono molti aspetti dell'attivit\u00e0 che devono essere presi in considerazione\", osserva Magnani.<\/p>\n\n\n\n<p>\"Ad esempio, non si tratta solo di diverse normative fiscali o principi contabili tra gli Stati Uniti e l'Italia. C'\u00e8 un divario culturale e un diverso modello di business oltre alla barriera linguistica.<\/p>\n\n\n\n<p>\"Mentre le aziende italiane sono di solito pi\u00f9 focalizzate sul prodotto, le imprese americane tendono ad essere guidate dal marketing, dalla comunicazione e dalla distribuzione. I piani aziendali sono costruiti sull'esperienza, che non sempre si traduce direttamente dall'esperienza in Italia\", spiega. \"Anche l'interpretazione dei bilanci, i tempi e i costi per fare business negli Stati Uniti possono essere diversi e difficili da capire\".<\/p>\n\n\n\n<p>\"La maggior parte degli studi CPA americani non hanno la minima idea dell'esistenza di un tale divario e non sono in grado di fornire valore aggiunto all'azienda italiana\", secondo Magnani.<\/p>\n\n\n\n<p>Laureato prima come Dottore Commercialista in Italia e poi abilitato come CPA negli Stati Uniti, Magnani puo' fungere come perfetta unione per le imprese e gli imprenditori italiani che devono affrontare la complessit\u00e0 del rispetto di molteplici normative finanziarie e commerciali, sia che siano alla ricerca di una nuovo CPA Firm o che vogliano semplicemente trovare un CPA Firm che comprenda le loro esigenze di business spesso personalizzate alla loro Azienda.<\/p>\n\n\n\n<p>\"C'e' la possibilita' che molte aziende italiane non siano in regola con la compliance americana rischiando cosi' pesanti multe\", afferma Magnani. \"Ci sono molte situazioni di cui a volte l'imprenditore italiano non \u00e8 a conoscenza e la Magnani CPA pu\u00f2 aiutare a colmare il divario tra l'applicazione della fiscalita' nel rispetto della fiscalita' statunitense confrontata a quella italiana\".<\/p>\n\n\n\n<p><\/p>","protected":false},"excerpt":{"rendered":"<p>When Max Magnani moved to the U.S. in 1997 to set up the North American headquarters of a large Italian manufacturing company, he had to overcome a number of cultural and business challenges that most American CPAs are simply unprepared to deal with. \u201cIn the U.S., the CPA is often&hellip;<\/p>","protected":false},"author":1,"featured_media":0,"parent":0,"menu_order":0,"comment_status":"closed","ping_status":"closed","template":"","meta":{"footnotes":""},"class_list":["post-648","page","type-page","status-publish","hentry"],"yoast_head":"<!-- This site is optimized with the Yoast SEO plugin v26.9 - https:\/\/yoast.com\/product\/yoast-seo-wordpress\/ -->\n<title>Miami CPA for Italian Companies | Magnani CPA<\/title>\n<meta name=\"robots\" content=\"index, follow, max-snippet:-1, max-image-preview:large, max-video-preview:-1\" \/>\n<link rel=\"canonical\" href=\"https:\/\/magnanicpa.com\/it\/miami-cpa-for-italian-companies\/\" \/>\n<meta property=\"og:locale\" content=\"it_IT\" \/>\n<meta property=\"og:type\" content=\"article\" \/>\n<meta property=\"og:title\" content=\"Miami CPA for Italian Companies | Magnani CPA\" \/>\n<meta property=\"og:description\" content=\"When Max Magnani moved to the U.S. in 1997 to set up the North American headquarters of a large Italian manufacturing company, he had to overcome a number of cultural and business challenges that most American CPAs are simply unprepared to deal with. \u201cIn the U.S., the CPA is often&hellip;\" \/>\n<meta property=\"og:url\" content=\"https:\/\/magnanicpa.com\/it\/miami-cpa-for-italian-companies\/\" \/>\n<meta property=\"og:site_name\" content=\"Magnani CPA\" \/>\n<meta property=\"article:modified_time\" content=\"2019-07-06T00:08:47+00:00\" \/>\n<meta name=\"twitter:card\" content=\"summary_large_image\" \/>\n<meta name=\"twitter:label1\" content=\"Tempo di lettura stimato\" \/>\n\t<meta name=\"twitter:data1\" content=\"2 minuti\" \/>\n<script type=\"application\/ld+json\" class=\"yoast-schema-graph\">{\"@context\":\"https:\/\/schema.org\",\"@graph\":[{\"@type\":\"WebPage\",\"@id\":\"https:\/\/magnanicpa.com\/it\/miami-cpa-for-italian-companies\/\",\"url\":\"https:\/\/magnanicpa.com\/it\/miami-cpa-for-italian-companies\/\",\"name\":\"Miami CPA for Italian Companies | Magnani CPA\",\"isPartOf\":{\"@id\":\"https:\/\/magnanicpa.com\/#website\"},\"datePublished\":\"2019-07-05T21:17:01+00:00\",\"dateModified\":\"2019-07-06T00:08:47+00:00\",\"breadcrumb\":{\"@id\":\"https:\/\/magnanicpa.com\/it\/miami-cpa-for-italian-companies\/#breadcrumb\"},\"inLanguage\":\"it-IT\",\"potentialAction\":[{\"@type\":\"ReadAction\",\"target\":[\"https:\/\/magnanicpa.com\/it\/miami-cpa-for-italian-companies\/\"]}]},{\"@type\":\"BreadcrumbList\",\"@id\":\"https:\/\/magnanicpa.com\/it\/miami-cpa-for-italian-companies\/#breadcrumb\",\"itemListElement\":[{\"@type\":\"ListItem\",\"position\":1,\"name\":\"Home\",\"item\":\"https:\/\/magnanicpa.com\/\"},{\"@type\":\"ListItem\",\"position\":2,\"name\":\"Miami CPA for Italian Companies\"}]},{\"@type\":\"WebSite\",\"@id\":\"https:\/\/magnanicpa.com\/#website\",\"url\":\"https:\/\/magnanicpa.com\/\",\"name\":\"Magnani CPA\",\"description\":\"Accountant\",\"publisher\":{\"@id\":\"https:\/\/magnanicpa.com\/#organization\"},\"potentialAction\":[{\"@type\":\"SearchAction\",\"target\":{\"@type\":\"EntryPoint\",\"urlTemplate\":\"https:\/\/magnanicpa.com\/?s={search_term_string}\"},\"query-input\":{\"@type\":\"PropertyValueSpecification\",\"valueRequired\":true,\"valueName\":\"search_term_string\"}}],\"inLanguage\":\"it-IT\"},{\"@type\":\"Organization\",\"@id\":\"https:\/\/magnanicpa.com\/#organization\",\"name\":\"Magnani CPA\",\"url\":\"https:\/\/magnanicpa.com\/\",\"logo\":{\"@type\":\"ImageObject\",\"inLanguage\":\"it-IT\",\"@id\":\"https:\/\/magnanicpa.com\/#\/schema\/logo\/image\/\",\"url\":\"https:\/\/i1.wp.com\/magnanicpa.com\/wp-content\/uploads\/2019\/07\/logo.png?fit=600%2C112&ssl=1\",\"contentUrl\":\"https:\/\/i1.wp.com\/magnanicpa.com\/wp-content\/uploads\/2019\/07\/logo.png?fit=600%2C112&ssl=1\",\"width\":600,\"height\":112,\"caption\":\"Magnani CPA\"},\"image\":{\"@id\":\"https:\/\/magnanicpa.com\/#\/schema\/logo\/image\/\"}}]}<\/script>\n<!-- \/ Yoast SEO plugin. -->","yoast_head_json":{"title":"Miami CPA for Italian Companies | Magnani CPA","robots":{"index":"index","follow":"follow","max-snippet":"max-snippet:-1","max-image-preview":"max-image-preview:large","max-video-preview":"max-video-preview:-1"},"canonical":"https:\/\/magnanicpa.com\/it\/miami-cpa-for-italian-companies\/","og_locale":"it_IT","og_type":"article","og_title":"Miami CPA for Italian Companies | Magnani CPA","og_description":"When Max Magnani moved to the U.S. in 1997 to set up the North American headquarters of a large Italian manufacturing company, he had to overcome a number of cultural and business challenges that most American CPAs are simply unprepared to deal with. \u201cIn the U.S., the CPA is often&hellip;","og_url":"https:\/\/magnanicpa.com\/it\/miami-cpa-for-italian-companies\/","og_site_name":"Magnani CPA","article_modified_time":"2019-07-06T00:08:47+00:00","twitter_card":"summary_large_image","twitter_misc":{"Tempo di lettura stimato":"2 minuti"},"schema":{"@context":"https:\/\/schema.org","@graph":[{"@type":"WebPage","@id":"https:\/\/magnanicpa.com\/it\/miami-cpa-for-italian-companies\/","url":"https:\/\/magnanicpa.com\/it\/miami-cpa-for-italian-companies\/","name":"Miami CPA for Italian Companies | Magnani CPA","isPartOf":{"@id":"https:\/\/magnanicpa.com\/#website"},"datePublished":"2019-07-05T21:17:01+00:00","dateModified":"2019-07-06T00:08:47+00:00","breadcrumb":{"@id":"https:\/\/magnanicpa.com\/it\/miami-cpa-for-italian-companies\/#breadcrumb"},"inLanguage":"it-IT","potentialAction":[{"@type":"ReadAction","target":["https:\/\/magnanicpa.com\/it\/miami-cpa-for-italian-companies\/"]}]},{"@type":"BreadcrumbList","@id":"https:\/\/magnanicpa.com\/it\/miami-cpa-for-italian-companies\/#breadcrumb","itemListElement":[{"@type":"ListItem","position":1,"name":"Home","item":"https:\/\/magnanicpa.com\/"},{"@type":"ListItem","position":2,"name":"Miami CPA for Italian Companies"}]},{"@type":"WebSite","@id":"https:\/\/magnanicpa.com\/#website","url":"https:\/\/magnanicpa.com\/","name":"Magnani CPA","description":"Accountant","publisher":{"@id":"https:\/\/magnanicpa.com\/#organization"},"potentialAction":[{"@type":"SearchAction","target":{"@type":"EntryPoint","urlTemplate":"https:\/\/magnanicpa.com\/?s={search_term_string}"},"query-input":{"@type":"PropertyValueSpecification","valueRequired":true,"valueName":"search_term_string"}}],"inLanguage":"it-IT"},{"@type":"Organization","@id":"https:\/\/magnanicpa.com\/#organization","name":"Magnani CPA","url":"https:\/\/magnanicpa.com\/","logo":{"@type":"ImageObject","inLanguage":"it-IT","@id":"https:\/\/magnanicpa.com\/#\/schema\/logo\/image\/","url":"https:\/\/i1.wp.com\/magnanicpa.com\/wp-content\/uploads\/2019\/07\/logo.png?fit=600%2C112&ssl=1","contentUrl":"https:\/\/i1.wp.com\/magnanicpa.com\/wp-content\/uploads\/2019\/07\/logo.png?fit=600%2C112&ssl=1","width":600,"height":112,"caption":"Magnani CPA"},"image":{"@id":"https:\/\/magnanicpa.com\/#\/schema\/logo\/image\/"}}]}},"jetpack_sharing_enabled":true,"_links":{"self":[{"href":"https:\/\/magnanicpa.com\/it\/wp-json\/wp\/v2\/pages\/648","targetHints":{"allow":["GET"]}}],"collection":[{"href":"https:\/\/magnanicpa.com\/it\/wp-json\/wp\/v2\/pages"}],"about":[{"href":"https:\/\/magnanicpa.com\/it\/wp-json\/wp\/v2\/types\/page"}],"author":[{"embeddable":true,"href":"https:\/\/magnanicpa.com\/it\/wp-json\/wp\/v2\/users\/1"}],"replies":[{"embeddable":true,"href":"https:\/\/magnanicpa.com\/it\/wp-json\/wp\/v2\/comments?post=648"}],"version-history":[{"count":2,"href":"https:\/\/magnanicpa.com\/it\/wp-json\/wp\/v2\/pages\/648\/revisions"}],"predecessor-version":[{"id":653,"href":"https:\/\/magnanicpa.com\/it\/wp-json\/wp\/v2\/pages\/648\/revisions\/653"}],"wp:attachment":[{"href":"https:\/\/magnanicpa.com\/it\/wp-json\/wp\/v2\/media?parent=648"}],"curies":[{"name":"wp","href":"https:\/\/api.w.org\/{rel}","templated":true}]}}